{"id":376,"date":"2017-07-21T10:39:27","date_gmt":"2017-07-21T10:39:27","guid":{"rendered":"http:\/\/93.103.128.118:100\/?page_id=376"},"modified":"2019-01-29T14:27:46","modified_gmt":"2019-01-29T14:27:46","slug":"pos-tiskalniki","status":"publish","type":"page","link":"http:\/\/sustarsic.si\/index.php\/pos-tiskalniki\/","title":{"rendered":"<div id='barvaNaslovaStrani'>POS TISKALNIKI<\/div>"},"content":{"rendered":"<p>V ve\u010d kot 20 letih nastopanja na trgu blagajni\u0161kih re\u0161itev smo dodobra spoznali pasti cenenih tiskalnikov. Zato sami stavimo na <strong>kvalitetne <\/strong>in <strong>preizku\u0161ene <\/strong>izdelke.<\/p>\n<hr>\n<table style=\"width: 100%;\">\n<tbody>\n<tr>\n<td width=\"30%\"  style=\"vertical-align:top\"><img loading=\"lazy\" decoding=\"async\" src=\"http:\/\/sustarsic.si\/wp-content\/uploads\/2017\/07\/star-tsp143eco-3-1.png\" alt=\"\" width=\"300\" height=\"274\" class=\"alignnone size-full wp-image-1073\" \/><\/p>\n<p><a target='_blank' href=\"http:\/\/www.postim.si\/pos-oprema\/pos-tiskalniki\/termalni-\/star-tsp-143ii-eco.html\">Povezava do strani uvoznika Postim d.o.o.<\/a>\n<\/td>\n<td align=\"center\" width=\"10%\"><\/td>\n<td width=\"60%\"><strong>STAR TSP 143II ECO<\/strong><\/p>\n<p>Termi\u010dni tiskalnik &#8211; po ugodni ceni<br \/>\nGreen koncept IT:tiskanje za var\u010devanje z energijo in ENERGY STAR PSU<br \/>\nUSB priklop<br \/>\nPapir 80 mm = 72 mm<\/p>\n<p>Termi\u010dni tiskalnik Star TSP143II ECO je nepogre\u0161ljiv pripomo\u010dek povsod, kjer je potreba po tiskanju \u010drtnih kod, nalepk, deklaracij in ra\u010dunov. Tiskalnik se na ra\u010dunalnik priklopi preko USB priklopa.\u0160irina papirja je standardna 80 mm, debelina pa 0,065 mm ~ 0,085 mm.Tiskalnik ima tudi mo\u017enost popolnega ali delnega rezanja in je izjemno vzdr\u017eljiv, saj lahko natiska do 60 milijonov vrstic.Tiskalnik TSP143II ECO, ki ga pri porabi energije neposredno nadzira osebni ra\u010dunalnik, preide v stanje pripravljenosti,kadar ni v uporabi,vendar ga lahko zopet za\u017eenete v manj kot 0,5 sekunde, ko ga potrebujete. Tiskalnik &#8220;posnema&#8221; osebni ra\u010dunalnik in je v \u010dasu neaktivnosti tudi sam v stanju pripravljenosti, kar pomeni, da ne potrebuje stikala za vklop in izklop ter ne zapravlja energije po nepotrebnem.<br \/>\nIzpolnjuje tudi zahteve po nizki porabi energije standarda Energy Star in je eden prvih tiskalnikov, ki je to dosegel. Tiskalnik TSP100 ECO vam ne omogo\u010da le zni\u017eanje stro\u0161kov in zmanj\u0161anja emisij CO2 zaradi porabe energije, temve\u010d se zelo izka\u017ee z revolucionarnimi lastnostmi svoje programske opreme.<\/p>\n<\/td>\n<tr>\n<td width=\"30%\">\n<hr>\n<\/td>\n<td width=\"10%\">\n<hr>\n<\/td>\n<td width=\"60%\">\n<hr>\n<\/td>\n<\/tr>\n<tr>\n<td width=\"30%\"  style=\"vertical-align:top\">\n<img loading=\"lazy\" decoding=\"async\" src=\"http:\/\/sustarsic.si\/wp-content\/uploads\/2017\/07\/timpos-80-usl-black2-3.png\" alt=\"\" width=\"300\" height=\"253\" class=\"alignnone size-full wp-image-1059\" \/><\/p>\n<p><a target='_blank' href=\"http:\/\/www.postim.si\/pos-oprema\/pos-tiskalniki\/termalni-\/timpos-80-usl.html\">Povezava do strani uvoznika Postim d.o.o.<\/a>\n<\/td>\n<td align=\"center\" width=\"10%\"><\/td>\n<td width=\"60%\"><strong>TiMPOS 80 USL<br \/>\nEleganten Termalni tiskalnik <\/strong><\/p>\n<p>Eleganten Termalni tiskalnik 80mm z no\u017eem &#8211; USB, COM &#038; LAN<br \/>\nSodoben dizajn in enostaven za uporabo.<\/p>\n<ul>\n<li>USB,LAN, RS232<\/li>\n<li>Hitrost tiskanja do 250mm\/s,80mm \u0161irina papirja,no\u017e<\/li>\n<li>ESC\/POS emulacija<\/li>\n<li>Podpira windows XP,win7,win8,linux<\/li>\n<\/ul>\n<p>TiMPOS 80 USL prepri\u010da z visoko zmogljivostjo in je dobro opremljen neposreden termalni POS tiskalnik po konkuren\u010dni ceni.Obdeluje zvitke 80 mm \u0161irine pri hitrosti do 250mm na sekundo.<br \/>\nKot del standardne opreme , TiMPOS 80 USL prihaja serijsko z USB,LAN in RS232 priklju\u010dkom.\n<\/td>\n<\/tr>\n<\/tbody>\n<\/table>\n<hr>\n<p><strong>Ste na\u0161li opremo, ki zadosti va\u0161im potrebam? \u017delite ve\u010d informacij?<\/strong><\/p>\n<p>Z veseljem vam podamo dodatne informacije po telefonu ali e-po\u0161ti.<br \/>\nNa\u0161i strokovnjaki so vam na voljo <strong>vsak delavnik<\/strong> med <strong>7:00<\/strong> in <strong>17:00<\/strong>.<\/p>\n<p>Pokli\u010dite <strong>+386 41 665 532<\/strong> \/ <strong>+386 41 603 032<\/strong><\/p>\n<p>ali nam <strong>po\u0161ljite vpra\u0161anje<\/strong> preko elektronskega obrazca<\/p>\n<p><a class=\"button\" href=\"http:\/\/sustarsic.si\/index.php\/pisite-nam\/\"><img loading=\"lazy\" decoding=\"async\" class=\"alignnone size-full wp-image-783\" src=\"http:\/\/sustarsic.si\/wp-content\/uploads\/2017\/07\/edit.png\" alt=\"\" width=\"16\" height=\"16\" \/> PI\u0160ITE NAM<\/a><\/p>\n","protected":false},"excerpt":{"rendered":"<p>V ve\u010d kot 20 letih nastopanja na trgu blagajni\u0161kih re\u0161itev smo dodobra spoznali pasti cenenih tiskalnikov. Zato sami stavimo na kvalitetne in preizku\u0161ene izdelke. Povezava do strani uvoznika Postim d.o.o. STAR TSP 143II ECO Termi\u010dni tiskalnik &#8211; po ugodni ceni Green koncept IT:tiskanje za var\u010devanje z energijo in ENERGY STAR PSU USB priklop Papir 80 <a class=\"read-more\" href=\"http:\/\/sustarsic.si\/index.php\/pos-tiskalniki\/\">Read More<\/a><\/p>\n","protected":false},"author":1,"featured_media":0,"parent":0,"menu_order":0,"comment_status":"closed","ping_status":"closed","template":"","meta":{"footnotes":""},"_links":{"self":[{"href":"http:\/\/sustarsic.si\/index.php\/wp-json\/wp\/v2\/pages\/376"}],"collection":[{"href":"http:\/\/sustarsic.si\/index.php\/wp-json\/wp\/v2\/pages"}],"about":[{"href":"http:\/\/sustarsic.si\/index.php\/wp-json\/wp\/v2\/types\/page"}],"author":[{"embeddable":true,"href":"http:\/\/sustarsic.si\/index.php\/wp-json\/wp\/v2\/users\/1"}],"replies":[{"embeddable":true,"href":"http:\/\/sustarsic.si\/index.php\/wp-json\/wp\/v2\/comments?post=376"}],"version-history":[{"count":26,"href":"http:\/\/sustarsic.si\/index.php\/wp-json\/wp\/v2\/pages\/376\/revisions"}],"predecessor-version":[{"id":1261,"href":"http:\/\/sustarsic.si\/index.php\/wp-json\/wp\/v2\/pages\/376\/revisions\/1261"}],"wp:attachment":[{"href":"http:\/\/sustarsic.si\/index.php\/wp-json\/wp\/v2\/media?parent=376"}],"curies":[{"name":"wp","href":"https:\/\/api.w.org\/{rel}","templated":true}]}}